{"id":1616,"date":"2022-11-08T13:22:35","date_gmt":"2022-11-08T12:22:35","guid":{"rendered":"https:\/\/iterem.com\/?page_id=1616"},"modified":"2025-01-09T11:12:08","modified_gmt":"2025-01-09T10:12:08","slug":"politica-de-privacitat","status":"publish","type":"page","link":"https:\/\/iterem.com\/ca\/politica-de-privacitat\/","title":{"rendered":"Pol\u00edtica de privacitat"},"content":{"rendered":"\n<p>Dades del propietari de la web:<\/p>\n\n\n\n<figure class=\"wp-block-table\"><table><tbody><tr><td><strong>RA\u00d3 SOCIAL<\/strong><\/td><td>MURMURI SOLUCIONS S.L.<\/td><\/tr><tr><td><strong>NIF<\/strong><\/td><td>B66998741<\/td><\/tr><tr><td><strong>DOMINI<\/strong><\/td><td>iterem.com<\/td><\/tr><tr><td><strong>DIRECCI\u00d3 POSTAL<\/strong><\/td><td>Pla\u00e7a Reial, 18, 1a &#8211; 08002 BARCELONA (BARCELONA)<\/td><\/tr><tr><td><strong>DIRECCI\u00d3 ELECTR\u00d2NICA<\/strong><\/td><td><a href=\"mailto:opd@murmurisolucions.com\">opd@murmurisolucions.com<\/a><\/td><\/tr><tr><td><strong>TEL\u00c8FON<\/strong><\/td><td>937203292<\/td><\/tr><tr><td><strong>REGISTRE<\/strong><\/td><td>Registro Mercantil Barcelona, en el tomo 45906, folio 159, hoja B-502654 e inscripci\u00f3n 1\u00aa.<\/td><\/tr><\/tbody><\/table><\/figure>\n\n\n\n<p><strong>Protecci\u00f3 de dades<\/strong><\/p>\n\n\n\n<p>De conformitat amb la normativa vigent i aplicable en protecci\u00f3 de dades de car\u00e0cter personal, l&#8217;informem que les seves dades seran incorporades al sistema de tractament titularitat de MURMURI SOLUCIONS SL amb NIF B66998741 i domicili social situat en Pla\u00e7a Reial, 18, 1a &#8211; 08002 BARCELONA (BARCELONA), i que a continuaci\u00f3 es relacionen les seves respectives finalitats, terminis de conservaci\u00f3 i bases legitimadores:<\/p>\n\n\n\n<p><strong>TRACTAMENT REALITZATS<\/strong><\/p>\n\n\n\n<figure class=\"wp-block-table\"><table><tbody><tr><td><strong>Gesti\u00f3 usuaris web<\/strong><\/td><td>Finalitat: Captaci\u00f3, registre i tractament de dades de l&#8217;usuari.<br>Termini de conservaci\u00f3: mentre es mantingui el consentiment prestat, excepte obligaci\u00f3 legal. <br>Base leg\u00edtima: El consentiment de l&#8217;interessat. <br>Tipologia de Dades: Dades b\u00e0siques: Nom i cognoms, Adre\u00e7a electr\u00f2nica.<\/td><\/tr><tr><td><strong>Accions comercials formulari web<\/strong><\/td><td>Finalitat: Captaci\u00f3, registre i tractament de dades amb finalitats d&#8217;atendre les seves consultes i\/o sol\u00b7licituds, aix\u00ed com de publicitat i prospecci\u00f3 comercial.<br>Termini de conservaci\u00f3: mentre es mantingui el consentiment prestat, excepte obligaci\u00f3 legal. <br>Base leg\u00edtima: El consentiment de l&#8217;interessat. Tipologia de Dades: Dades b\u00e0siques: Nom i cognoms, Adre\u00e7a electr\u00f2nica.<\/td><\/tr><tr><td><strong>Newsletter<\/strong><\/td><td>Finalitat: Gesti\u00f3 de la subscripci\u00f3 a la newsletter, per a realitzar els enviaments corresponents. <br>Termini de conservaci\u00f3: mentre es mantingui el consentiment prestat. <br>Base leg\u00edtima: El consentiment de l&#8217;interessat. <br>Tipologia de Dades: Dades b\u00e0siques: Nom i cognoms, Adre\u00e7a electr\u00f2nica.<\/td><\/tr><tr><td><strong>Instal\u00b7laci\u00f3 de cookies<\/strong><\/td><td>Finalitat: Gesti\u00f3 i instal\u00b7laci\u00f3 de les cookies.<br>Termini de conservaci\u00f3: mentre es mantingui el consentiment prestat.<br>Base leg\u00edtima: El consentiment de l&#8217;interessat.<br>Tipologia de Dades: Dades b\u00e0siques: Adre\u00e7a electr\u00f2nica, Adre\u00e7a IP.<\/td><\/tr><tr><td><strong>Usuaris web<\/strong><\/td><td>Finalitat: Atendre les seves consultes i\/o sol\u00b7licituds i Instal\u00b7laci\u00f3 de cookies.<br>Termini de conservaci\u00f3: mentre es mantingui el consentiment prestat.<br>Base leg\u00edtima: El consentiment de l&#8217;interessat.<br>Tipologia de Dades: Dades b\u00e0siques: Nom i cognoms, Adre\u00e7a electr\u00f2nica, Adre\u00e7a IP.<\/td><\/tr><\/tbody><\/table><\/figure>\n\n\n\n<p><strong>Drets dels interessats<\/strong><\/p>\n\n\n\n<p>MURMURI SOLUCIONS SL informa els Usuaris que, podr\u00e0 exercir els drets d&#8217;acc\u00e9s, rectificaci\u00f3, limitaci\u00f3, supressi\u00f3, portabilitat, oposici\u00f3 al tractament de les seves dades de car\u00e0cter personal i el dret a no ser objecte de decisions automatitzades, inclosa l&#8217;elaboraci\u00f3 de perfils, davant el Responsable del Tractament, aix\u00ed com a la retirada del consentiment prestat.<\/p>\n\n\n\n<ul>\n<li><strong>Dret d&#8217;Acc\u00e9s:<\/strong> \u00c9s el dret de l&#8217;usuari a obtenir confirmaci\u00f3 sobre si s&#8217;estan tractant les seves dades i, en tal cas, les concretes dades personals tractats i la informaci\u00f3 legal del tractament (finalitats, base legitimadora, terminis de conservaci\u00f3, cessions, origen de les dades, etc.).<\/li>\n\n\n\n<li><strong>Dret de Rectificaci\u00f3:<\/strong> \u00c9s el dret de l&#8217;afectat al fet que es modifiquin les dades que resultin ser inexactes o incomplets. En relaci\u00f3 a la p\u00e0gina web, nom\u00e9s podr\u00e0 satisfer-se en relaci\u00f3 a aquella informaci\u00f3 que es trobi sota el control del lloc web, per exemple, eliminar comentaris publicats en la pr\u00f2pia p\u00e0gina, imatges o continguts web on constin dades de car\u00e0cter personal de l&#8217;usuari.<\/li>\n\n\n\n<li><strong>Dret a la Limitaci\u00f3 de tractament:<\/strong> \u00c9s el dret al fet que es limitin els fins del tractament previstos de manera original pel responsable del tractament en determinats suposats.<\/li>\n\n\n\n<li><strong>Dret de Supressi\u00f3:<\/strong> \u00c9s el dret a suprimir les dades de car\u00e0cter personal de l&#8217;usuari, a excepci\u00f3 del que es preveu en el propi RGPD (llibertat d&#8217;expressi\u00f3 i informaci\u00f3, obligacions de conservaci\u00f3, formulaci\u00f3, exercici o defensa de reclamacions, etc.).<\/li>\n\n\n\n<li><strong>Dret a la Portabilitat:<\/strong> El dret a rebre les dades personals que l&#8217;usuari hagi facilitat, en un format estructurat, d&#8217;\u00fas com\u00fa i lectura mec\u00e0nica, i a transmetre&#8217;ls a un altre responsable quan per al compliment normatiu \u00b7 servei compliance el tractament est\u00e0 basat en el consentiment o en l&#8217;execuci\u00f3 d&#8217;un contracte i s&#8217;efectu\u00ef per mitjans automatitzats.<\/li>\n\n\n\n<li><strong>Dret d&#8217;Oposici\u00f3:<\/strong> \u00c9s el dret de l&#8217;usuari al fet que no es dugui a terme el tractament de les seves dades de car\u00e0cter personal o se cessi el tractament dels mateixos per part del lloc web quan el tractament estigui basat en l&#8217;inter\u00e8s leg\u00edtim o l&#8217;inter\u00e8s p\u00fablic o quan es tracti de tractaments de m\u00e0rqueting directe.<\/li>\n\n\n\n<li><strong>Dret a no ser objecte de decisions automatitzades, inclosa l&#8217;elaboraci\u00f3 de perfils:<\/strong> Quan el tractament no \u00e9s necessari per a la celebraci\u00f3 o execuci\u00f3 d&#8217;un contracte, ni est\u00e0 autoritzada pel Dret de la Uni\u00f3 Europea o dels Estats membres ni es basa en el consentiment, t\u00e9 dret a no ser objecte d&#8217;una decisi\u00f3 basada \u00fanicament en el tractament automatitzat, inclosa l&#8217;elaboraci\u00f3 de perfils, que produeixi efectes jur\u00eddics o l&#8217;afecti significativament de manera similar.<\/li>\n\n\n\n<li><strong>Dret a retirar el consentiment: <\/strong>Per a qualsevol tractament basat en el seu consentiment, t\u00e9 dret a retirar-ho, en qualsevol moment i de manera gratu\u00efta.<\/li>\n<\/ul>\n\n\n\n<p>Per a exercir qualsevol dels drets en mat\u00e8ria de protecci\u00f3 de dades descrites anteriorment haur\u00e0 de seguir les seg\u00fcents indicacions:<\/p>\n\n\n\n<ul>\n<li>Presentaci\u00f3 d&#8217;un escrit a l&#8217;adre\u00e7a Pla\u00e7a Reial, 18, 1a &#8211; 08002 BARCELONA (BARCELONA) (a l&#8217;atenci\u00f3 de MURMURI SOLUCIONS SL) o b\u00e9 a trav\u00e9s de correu electr\u00f2nic per correu electr\u00f2nic a <a href=\"mailto:opd@murmurisolucions.com\">opd@murmurisolucions.com<\/a>. L&#8217;escrit rem\u00e8s pel titular de les dades personals (interessat\/a) que sol\u00b7liciti l&#8217;exercici de drets haur\u00e0 de tenir en compte el seg\u00fcent:\n<ul>\n<li>Haur\u00e0 d&#8217;identificar-se fefaentment i, en el cas que concorrin dubtes sobre la identitat del sol\u00b7licitant, se li sol\u00b7licitar\u00e0 que esmeni la petici\u00f3 (p. ex. sol\u00b7licitant m\u00e9s informaci\u00f3, com el n\u00famero de DNI, el document del DNI, el correu electr\u00f2nic que va aportar, etc.)<\/li>\n\n\n\n<li>La sol\u00b7licitud pot realitzar-la el representant, legal o voluntari, quan aquest estigui degudament identificat i autoritzat pel titular de les dades (mitjan\u00e7ant una autoritzaci\u00f3 expressa del titular per a exercir els drets personal\u00edssims regulats en la normativa en mat\u00e8ria de protecci\u00f3 de dades personals).<\/li>\n\n\n\n<li>Petici\u00f3 en qu\u00e8 es concreta la sol\u00b7licitud (Dret\/s que es pret\u00e9n\/n exercir). Si no fa refer\u00e8ncia a un tractament concret se li facilitar\u00e0 resposta en relaci\u00f3 a tots els tractaments que afecten les seves dades de car\u00e0cter personal. Si sol\u00b7licita informaci\u00f3 d&#8217;un tractament en concret, nom\u00e9s la informaci\u00f3 d&#8217;aquest. Si ho sol\u00b7licita per tel\u00e8fon se li indicar\u00e0 que ho faci per escrit i se l&#8217;informar\u00e0 de com ho pot fer i l&#8217;adre\u00e7a a la qual ha d&#8217;enviar-ho. Mai se li donar\u00e0 informaci\u00f3 per tel\u00e8fon.<\/li>\n\n\n\n<li>Adre\u00e7a postal o electr\u00f2nica a l&#8217;efecte de notificacions.<\/li>\n\n\n\n<li>Documents acreditatius de la petici\u00f3 que formula, en cas que siguin necessaris.<\/li>\n\n\n\n<li>La persona sol\u00b7licitant ha d&#8217;utilitzar qualsevol mitj\u00e0 que permeti acreditar l&#8217;enviament i la recepci\u00f3 de la sol\u00b7licitud.<\/li>\n<\/ul>\n<\/li>\n<\/ul>\n\n\n\n<p>Finalment, l&#8217;informem que t\u00e9 dret a presentar una reclamaci\u00f3 davant l&#8217;Ag\u00e8ncia Espanyola de Protecci\u00f3 de Dades en cas que tingui coneixement o consideri que un fet pugui suposar un incompliment de la normativa aplicable en mat\u00e8ria de protecci\u00f3 de dades.<\/p>\n\n\n\n<p>MURMURI SOLUCIONS SL es compromet a adoptar les mesures t\u00e8cniques i organitzatives necess\u00e0ries, concorde al nivell de riscos que acompanyen els tractaments realitzats per aquestes i indicats en l&#8217;apartat dels termes i condicions d&#8217;\u00fas, de manera que garanteixin la seva integritat, confidencialitat i disponibilitat.<\/p>\n\n\n\n<p><em>Darrera actualitzaci\u00f3: 11 d&#8217;octubre de 2022<\/em><\/p>\n","protected":false},"excerpt":{"rendered":"<p class=\"excerpt\">Dades del propietari de la web: RA\u00d3 SOCIAL MURMURI SOLUCIONS S.L. NIF B66998741 DOMINI iterem.com DIRECCI\u00d3 POSTAL Pla\u00e7a Reial, 18, 1a &#8211; 08002 BARCELONA (BARCELONA) DIRECCI\u00d3 ELECTR\u00d2NICA opd@murmurisolucions.com TEL\u00c8FON 937203292 <\/p>\n","protected":false},"author":3,"featured_media":0,"parent":0,"menu_order":0,"comment_status":"closed","ping_status":"closed","template":"","meta":[],"_links":{"self":[{"href":"https:\/\/iterem.com\/ca\/wp-json\/wp\/v2\/pages\/1616"}],"collection":[{"href":"https:\/\/iterem.com\/ca\/wp-json\/wp\/v2\/pages"}],"about":[{"href":"https:\/\/iterem.com\/ca\/wp-json\/wp\/v2\/types\/page"}],"author":[{"embeddable":true,"href":"https:\/\/iterem.com\/ca\/wp-json\/wp\/v2\/users\/3"}],"replies":[{"embeddable":true,"href":"https:\/\/iterem.com\/ca\/wp-json\/wp\/v2\/comments?post=1616"}],"version-history":[{"count":11,"href":"https:\/\/iterem.com\/ca\/wp-json\/wp\/v2\/pages\/1616\/revisions"}],"predecessor-version":[{"id":1989,"href":"https:\/\/iterem.com\/ca\/wp-json\/wp\/v2\/pages\/1616\/revisions\/1989"}],"wp:attachment":[{"href":"https:\/\/iterem.com\/ca\/wp-json\/wp\/v2\/media?parent=1616"}],"curies":[{"name":"wp","href":"https:\/\/api.w.org\/{rel}","templated":true}]}}