{"id":2287,"date":"2026-04-15T09:13:12","date_gmt":"2026-04-15T08:13:12","guid":{"rendered":"https:\/\/iterem.com\/contact\/"},"modified":"2026-04-15T09:53:06","modified_gmt":"2026-04-15T08:53:06","slug":"contact","status":"publish","type":"page","link":"https:\/\/iterem.com\/ca\/contact\/","title":{"rendered":"Contacte"},"content":{"rendered":"<div class=\"section-title\">\n<h2>\u00a1Escriu-nos per a m\u00e9s informaci\u00f3!<\/h2>\n<\/div>\n<div class=\"medium-8 columns\">\n<div class=\"wpcf7 no-js\" id=\"wpcf7-f2269-o1\" lang=\"es-ES\" dir=\"ltr\">\n<div class=\"screen-reader-response\"><p role=\"status\" aria-live=\"polite\" aria-atomic=\"true\"><\/p> <ul><\/ul><\/div>\n<form action=\"\/ca\/wp-json\/wp\/v2\/pages\/2287#wpcf7-f2269-o1\" method=\"post\" class=\"wpcf7-form init\" aria-label=\"Formulario de contacto\" novalidate=\"novalidate\" data-status=\"init\">\n<div style=\"display: none;\">\n<input type=\"hidden\" name=\"_wpcf7\" value=\"2269\" \/>\n<input type=\"hidden\" name=\"_wpcf7_version\" value=\"5.8.6\" \/>\n<input type=\"hidden\" name=\"_wpcf7_locale\" value=\"es_ES\" \/>\n<input type=\"hidden\" name=\"_wpcf7_unit_tag\" value=\"wpcf7-f2269-o1\" \/>\n<input type=\"hidden\" name=\"_wpcf7_container_post\" value=\"0\" \/>\n<input type=\"hidden\" name=\"_wpcf7_posted_data_hash\" value=\"\" \/>\n<input type=\"hidden\" name=\"_wpcf7_recaptcha_response\" value=\"\" \/>\n<\/div>\n<div class=\"cf-container\">\n\t<div class=\"cf-col-6\">\n\t\t<p><span class=\"wpcf7-form-control-wrap\" data-name=\"nombre\"><input size=\"40\" class=\"wpcf7-form-control wpcf7-text wpcf7-validates-as-required\" aria-required=\"true\" aria-invalid=\"false\" placeholder=\"Nombre\" value=\"\" type=\"text\" name=\"nombre\" \/><\/span>\n\t\t<\/p>\n\t<\/div>\n\t<div class=\"cf-col-6\">\n\t\t<p><span class=\"wpcf7-form-control-wrap\" data-name=\"apellido\"><input size=\"40\" class=\"wpcf7-form-control wpcf7-text wpcf7-validates-as-required\" aria-required=\"true\" aria-invalid=\"false\" placeholder=\"Apellido\" value=\"\" type=\"text\" name=\"apellido\" \/><\/span>\n\t\t<\/p>\n\t<\/div>\n<\/div>\n<div class=\"cf-container\">\n\t<div class=\"cf-col-6\">\n\t\t<p><span class=\"wpcf7-form-control-wrap\" data-name=\"your-email\"><input size=\"40\" class=\"wpcf7-form-control wpcf7-email wpcf7-validates-as-required wpcf7-text wpcf7-validates-as-email\" autocomplete=\"email\" aria-required=\"true\" aria-invalid=\"false\" placeholder=\"E-mail\" value=\"\" type=\"email\" name=\"your-email\" \/><\/span>\n\t\t<\/p>\n\t<\/div>\n\t<div class=\"cf-col-6\">\n\t\t<p><span class=\"wpcf7-form-control-wrap\" data-name=\"tel\"><input size=\"40\" class=\"wpcf7-form-control wpcf7-tel wpcf7-validates-as-required wpcf7-text wpcf7-validates-as-tel\" aria-required=\"true\" aria-invalid=\"false\" placeholder=\"Tel\u00e9fono\" value=\"\" type=\"tel\" name=\"tel\" \/><\/span>\n\t\t<\/p>\n\t<\/div>\n<\/div>\n<p><span class=\"wpcf7-form-control-wrap\" data-name=\"comentario\"><textarea cols=\"40\" rows=\"10\" class=\"wpcf7-form-control wpcf7-textarea maxlength10000\" aria-invalid=\"false\" placeholder=\"Escribe tu consulta (m\u00e1x 10.000 caracteres)\" name=\"comentario\"><\/textarea><\/span><br \/>\n<small><b>Informaci\u00f3n B\u00e1sica Sobre Protecci\u00f3n De Datos<\/b><br \/>\n<b>Responsable<\/b> MURMURI SOLUCIONS SL<br \/>\n<b>Finalidad<\/b> Captaci\u00f3n, registro y tratamiento de datos con finalidades de atender sus consultas y\/o solicitudes, as\u00ed como de publicidad y prospecci\u00f3n comercial.<br \/>\n<b>Derechos<\/b> Acceder, rectificar y suprimir los datos, as\u00ed como otros derechos, como se explica en la informaci\u00f3n adicional.<br \/>\n<b>Informaci\u00f3n adicional<\/b> Puede consultar la informaci\u00f3n adicional y detallada sobre Protecci\u00f3n de Datos en nuestra p\u00e1gina web, apartado Pol\u00edtica de Privacidad.<\/small><br \/>\n<span class=\"wpcf7-form-control-wrap\" data-name=\"acepto-proteccion-datos\"><span class=\"wpcf7-form-control wpcf7-acceptance\"><span class=\"wpcf7-list-item\"><label><input type=\"checkbox\" name=\"acepto-proteccion-datos\" value=\"1\" aria-invalid=\"false\" \/><span class=\"wpcf7-list-item-label\">He le\u00eddo y acepto la informaci\u00f3n b\u00e1sica de protecci\u00f3n de datos.<\/span><\/label><\/span><\/span><\/span><br \/>\n<span class=\"wpcf7-form-control-wrap\" data-name=\"acepto-comunicaciones\"><span class=\"wpcf7-form-control wpcf7-acceptance optional\"><span class=\"wpcf7-list-item\"><label><input type=\"checkbox\" name=\"acepto-comunicaciones\" value=\"1\" aria-invalid=\"false\" \/><span class=\"wpcf7-list-item-label\">Quiero subscriberme a vuestra newsletter.<\/span><\/label><\/span><\/span><\/span><br \/>\n<input class=\"wpcf7-form-control wpcf7-submit has-spinner button\" type=\"submit\" value=\"Enviar consulta\" \/>\n<\/p><div class=\"wpcf7-response-output\" aria-hidden=\"true\"><\/div>\n<\/form>\n<\/div>\n<\/div>\n<div class=\"medium-4 columns\">\n<div class=\"border-wrapper\">\n<div class=\"borders\">\n<div class=\"top\"><\/div>\n<div class=\"right\"><\/div>\n<div class=\"bottom\"><\/div>\n<div class=\"left\"><\/div>\n<\/div>\n<div class=\"contact-details\">\n<div class=\"content\">\n<h4>OFICINES<\/h4>\n<p>Pla\u00e7a Reial 18 1a<br \/>\n08002 Barcelona<br \/>\n(BARCELONA)<\/p>\n<h4>E-MAIL<\/h4>\n<p>hola@iterem.com<\/p>\n<h4>TEL\u00c8FON<\/h4>\n<p>(+34) 93 720 32 92<\/p>\n<\/div>\n<\/div>\n<\/div>\n<\/div>\n","protected":false},"excerpt":{"rendered":"<p class=\"excerpt\">\u00a1Escriu-nos per a m\u00e9s informaci\u00f3! OFICINES Pla\u00e7a Reial 18 1a 08002 Barcelona (BARCELONA) E-MAIL hola@iterem.com TEL\u00c8FON (+34) 93 720 32 92<\/p>\n","protected":false},"author":3,"featured_media":0,"parent":0,"menu_order":0,"comment_status":"closed","ping_status":"closed","template":"","meta":[],"_links":{"self":[{"href":"https:\/\/iterem.com\/ca\/wp-json\/wp\/v2\/pages\/2287"}],"collection":[{"href":"https:\/\/iterem.com\/ca\/wp-json\/wp\/v2\/pages"}],"about":[{"href":"https:\/\/iterem.com\/ca\/wp-json\/wp\/v2\/types\/page"}],"author":[{"embeddable":true,"href":"https:\/\/iterem.com\/ca\/wp-json\/wp\/v2\/users\/3"}],"replies":[{"embeddable":true,"href":"https:\/\/iterem.com\/ca\/wp-json\/wp\/v2\/comments?post=2287"}],"version-history":[{"count":2,"href":"https:\/\/iterem.com\/ca\/wp-json\/wp\/v2\/pages\/2287\/revisions"}],"predecessor-version":[{"id":2290,"href":"https:\/\/iterem.com\/ca\/wp-json\/wp\/v2\/pages\/2287\/revisions\/2290"}],"wp:attachment":[{"href":"https:\/\/iterem.com\/ca\/wp-json\/wp\/v2\/media?parent=2287"}],"curies":[{"name":"wp","href":"https:\/\/api.w.org\/{rel}","templated":true}]}}