{"id":748,"date":"2019-11-15T13:17:19","date_gmt":"2019-11-15T12:17:19","guid":{"rendered":"https:\/\/iterem.com\/?page_id=748"},"modified":"2025-01-09T12:30:30","modified_gmt":"2025-01-09T11:30:30","slug":"avis-legal","status":"publish","type":"page","link":"https:\/\/iterem.com\/ca\/avis-legal\/","title":{"rendered":"Av\u00eds legal"},"content":{"rendered":"<p><strong>Introducci\u00f3<\/strong><\/p>\n<p>En compliment de la Llei 34\/2002, d\u201911 de juliol, de Serveis de la Societat de la Informaci\u00f3 i de Comer\u00e7 Electr\u00f2nic (LSSI-CE), MURMURI SOLUCIONS SL informa que \u00e9s titular del lloc web. D\u2019acord amb l\u2019exig\u00e8ncia de l\u2019article 10 de la citada Llei, MURMURI SOLUCIONS SL informa de les seg\u00fcents dades: <\/p>\n\n<figure class=\"wp-block-table\"><table><tbody><tr><td><strong>RA\u00d3 SOCIAL<\/strong><\/td><td>MURMURI SOLUCIONS S.L.<\/td><\/tr><tr><td><strong>NIF<\/strong><\/td><td>B66998741<\/td><\/tr><tr><td><strong>DOMINI<\/strong><\/td><td>www.iterem.com<\/td><\/tr><tr><td><strong>ADRE\u00c7A POSTAL<\/strong><\/td><td>Pla\u00e7a Reial, 18,1a &#8211; 08002 BARCELONA (BARCELONA)<\/td><\/tr><tr><td><strong>ADRE\u00c7A ELECTR\u00d2NICA<\/strong><\/td><td>som@murmurisolucions.com<\/td><\/tr><tr><td><strong>TEL\u00c8FON<\/strong><\/td><td>937203292<\/td><\/tr><tr><td><strong>REGISTRE<\/strong><\/td><td>Registro Mercantil Barcelona, en el tomo 45906, folio 159, hoja B-502654 e inscripci\u00f3n 1\u00aa.<\/td><\/tr><\/tbody><\/table><\/figure>\n<p><strong>Usuari i r\u00e8gim de responsabilitats<\/strong><\/p>\n\n<p>La navegaci\u00f3, acc\u00e9s i \u00fas pel lloc web de MURMURI SOLUCIONS SL confereix la condici\u00f3 d\u2019usuari. El lloc web de MURMURI SOLUCIONS SL proporciona gran diversitat d\u2019informaci\u00f3, serveis i dades. L\u2019usuari assumeix la seva responsabilitat en l\u2019\u00fas correcte del lloc web. Aquesta responsabilitat s\u2019estendr\u00e0 a:  <\/p>\n\n<ul>\n<li>La veracitat i licitud de les informacions aportades per l\u2019usuari en els formularis estesos per MURMURI SOLUCIONS SL per a l\u2019acc\u00e9s a uns certs continguts o serveis oferts pel web.<\/li>\n\n\n\n<li>L\u2019\u00fas de la informaci\u00f3, serveis i dades ofertes per MURMURI SOLUCIONS SL contr\u00e0riament al que es disposa per les presents condicions, la Llei, la moral, els bons costums o l\u2019ordre p\u00fablic, o que de qualsevol altra manera puguin suposar lesi\u00f3 dels drets de tercers o del mateix funcionament del lloc web.<\/li>\n<\/ul>\n\n<p><strong>Pol\u00edtica d\u2019enlla\u00e7os i exempcions de responsabilitat<\/strong><\/p>\n\n<p>MURMURI SOLUCIONS SL no es fa responsable del contingut dels llocs web als quals l\u2019usuari pugui accedir a trav\u00e9s dels enlla\u00e7os establerts en el seu lloc web, sempre que no tingui coneixement efectiu que l\u2019activitat o la informaci\u00f3 a la qual remitent o recomana \u00e9s il\u00b7l\u00edcita o que lesiona b\u00e9ns o drets d\u2019un tercer susceptibles d\u2019indemnitzaci\u00f3, o, en cas de tenir-ho, actu\u00ef amb dilig\u00e8ncia per a suprimir o inutilitzar l\u2019enlla\u00e7 corresponent.<\/p>\n\n<p>S\u2019entendr\u00e0 que MURMURI SOLUCIONS SL t\u00e9 el coneixement efectiu a qu\u00e8 es refereix el par\u00e0graf anterior quan un \u00f2rgan competent hagi declarat la il\u00b7licitud de les dades, ordenat la seva retirada o que s\u2019impossibiliti l\u2019acc\u00e9s a aquests, o s\u2019hagu\u00e9s declarat l\u2019exist\u00e8ncia de la lesi\u00f3, i MURMURI SOLUCIONS SL conegu\u00e9s la corresponent resoluci\u00f3, sense perjudici dels procediments de detecci\u00f3 i retirada de continguts que MURMURI SOLUCIONS SL apliqui en virtut d\u2019acords voluntaris i d\u2019altres mitjans de coneixement efectiu que poguessin establir-se.<\/p>\n\n<p>MURMURI SOLUCIONS SL declara haver adoptat totes les mesures necess\u00e0ries per a evitar qualsevol mal als usuaris del seu lloc web, que poguessin derivar-se de la navegaci\u00f3 pel seu lloc web. En conseq\u00fc\u00e8ncia, MURMURI SOLUCIONS SL no es fa responsable, en cap cas, dels eventuals danys que per la navegaci\u00f3 per Internet pogu\u00e9s sofrir l\u2019usuari. Aix\u00ed mateix, tampoc garantir\u00e0 la disponibilitat t\u00e8cnica, exactitud, veracitat, validesa o legalitat de llocs aliens a la seva propietat als quals es pugui accedir per mitj\u00e0 dels enlla\u00e7os.  <\/p>\n\n<p><strong>Modificacions<\/strong><\/p>\n\n<p>MURMURI SOLUCIONS SL es reserva el dret a realitzar les modificacions que consideri oportunes, sense av\u00eds previ, en el contingut del seu lloc web. Tant referent als continguts del lloc web, com en les condicions d\u2019\u00fas d\u2019aquest, o en les condicions generals de contractaci\u00f3. Els canvis<br\/>als quals fa refer\u00e8ncia aquest apartat, no afectaran les contractacions realitzades amb data anterior a la data de publicaci\u00f3 d\u2019aquests.  <\/p>\n\n<p>Aquestes modificacions podran realitzar-se a trav\u00e9s del seu lloc web per qualsevol forma admissible en dret i seran d\u2019obligat compliment durant el temps en qu\u00e8 es trobin publicades en el web i fins que no siguin modificades v\u00e0lidament per altres posteriors.<\/p>\n\n<p><strong>Indicaci\u00f3 de preus<\/strong><\/p>\n\n<p>En cas que es mostrin preus de productes i\/o serveis, els indicats en pantalla seran els vigents a cada moment. Els preus seran indicats en euros i tindran incorporat l\u2019Impost sobre el Valor Afegit (IVA). En cas que no s\u2019incorpori l\u2019IVA en el preu, s\u2019indicar\u00e0 de manera expressa i es permetr\u00e0 a l\u2019usuari visualitzar el preu final complet.  <\/p>\n\n<p>Aix\u00ed mateix, si fos aplicable qualsevol altre impost, aix\u00ed s\u2019indicaria, incloent, en el seu cas, l\u2019import dels increments o descomptes que siguin aplicable a l\u2019oferta i les despeses addicionals que puguin repercutir al consumidor o usuari.<\/p>\n\n<p><strong>Propietat intel\u00b7lectual i industrial<\/strong><\/p>\n\n<p>MURMURI SOLUCIONS SL per si mateixa o com a cession\u00e0ria, \u00e9s titular de tots els drets de propietat intel\u00b7lectual i industrial de la seva p\u00e0gina web, aix\u00ed com dels elements continguts en la mateixa (a t\u00edtol enunciatiu, imatges, so, \u00e0udio, v\u00eddeo, programari o textos; marques o logotips,<br\/>combinacions de colors, estructura i disseny, selecci\u00f3 de materials usats, programes d\u2019ordinador necessaris per al seu funcionament, acc\u00e9s i \u00fas, etc.), titularitat de MURMURI SOLUCIONS SL.<br\/>Seran, per conseg\u00fcent, obres protegides com a propietat intel\u00b7lectual per l\u2019ordenament jur\u00eddic espanyol, sent-los aplicables tant la normativa espanyola i comunit\u00e0ria en aquest camp, com els tractats internacionals relatius a la mat\u00e8ria i subscrits per Espanya. <\/p>\n\n<p>Tots els drets reservats. En virtut del que es disposa en la Llei de Propietat Intel\u00b7lectual, queden expressament prohibides la reproducci\u00f3, la distribuci\u00f3 i la comunicaci\u00f3 p\u00fablica, inclosa la seva modalitat de posada a disposici\u00f3, de la totalitat o part dels continguts d\u2019aquesta p\u00e0gina web, amb finalitats comercials, en qualsevol suport i per qualsevol mitj\u00e0 t\u00e8cnic, sense l\u2019autoritzaci\u00f3 de MURMURI SOLUCIONS SL. <\/p>\n\n<p>L\u2019usuari es compromet a respectar els drets de Propietat Intel\u00b7lectual i Industrial titularitat de MURMURI SOLUCIONS SL. Podr\u00e0 visualitzar els elements del portal i fins i tot imprimir-los, copiar-los i emmagatzemar-los en el disc dur del seu ordinador o en qualsevol altre suport f\u00edsic<br\/>sempre que sigui, exclusivament, per al seu \u00fas personal i privat. L\u2019usuari haur\u00e0 d\u2019abstenir-se de suprimir, alterar, eludir o manipular qualsevol dispositiu de protecci\u00f3 o sistema de seguretat que estigu\u00e9s instal\u00b7lat en les p\u00e0gines de MURMURI SOLUCIONS SL.  <\/p>\n\n<p><strong>Certificat SSL (secure sockets layer)<\/strong><\/p>\n\n<p>El CERTIFICAT SSL proporciona autenticaci\u00f3, privacitat i seguretat de la informaci\u00f3 entre MURMURI SOLUCIONS SL i l\u2019usuari.<\/p>\n\n<p>MURMURI SOLUCIONS SL disposa d\u2019un certificat de seguretat que s\u2019utilitza per CERTIFICAT SSL per a realitzar connexions segures.<\/p>\n\n<p>En aquest proc\u00e9s s\u2019estableixen diversos par\u00e0metres per a realitzar la connexi\u00f3 de manera segura i s\u2019estableix usant claus preestablertes, codificant i descodificant totes les dades enviades fins que la connexi\u00f3 sigui tancada.<\/p>\n\n<p><strong>Accions legals, legislaci\u00f3 aplicable i jurisdicci\u00f3n<\/strong><\/p>\n\n<p>Si l\u2019usuari desitja presentar una reclamaci\u00f3, haur\u00e0 de contactar mitjan\u00e7ant el correu electr\u00f2nic som@murmurisolucions.com. Aix\u00ed mateix, MURMURI SOLUCIONS SL disposa de fulles oficials de reclamaci\u00f3 a la disposici\u00f3 dels consumidors i usuaris. <\/p>\n\n<p>MURMURI SOLUCIONS SL es reserva la facultat de presentar les accions civils o penals que consideri oportunes per la utilitzaci\u00f3 indeguda del seu lloc web i continguts, o per l\u2019incompliment de les presents condicions.<\/p>\n\n<p>La relaci\u00f3 entre l\u2019usuari i el prestador es regir\u00e0 per la normativa vigent i d\u2019aplicaci\u00f3 en el territori espanyol. De sorgir qualsevol controv\u00e8rsia les parts podran sotmetre els seus conflictes a arbitratge o acudir a la jurisdicci\u00f3 ordin\u00e0ria complint amb les normes sobre jurisdicci\u00f3 i compet\u00e8ncia sobre aquest tema. MURMURI SOLUCIONS SL t\u00e9 el seu domicili a BARCELONA, Espanya.  <\/p>\n\n<p>Els contractes subscrits per via electr\u00f2nica en els quals intervingui com a part un consumidor, es presumiran celebrats en el lloc en qu\u00e8 aquest tingui la seva resid\u00e8ncia habitual.<\/p>\n\n<p>Els contractes electr\u00f2nics entre empresaris o professionals, a falta de pacte entre les parts, es presumiran celebrats en el lloc en qu\u00e8 estigui establert el prestador de serveis.<\/p>\n\n<p>Resoluci\u00f3 de litigis en l\u00ednia conforme a l\u2019Art. 14.1 del Reglament (UE) 524\/2013: La Comissi\u00f3 Europea facilita una plataforma de resoluci\u00f3 de litigis en l\u00ednia, la qual es troba disponible en el seg\u00fcent enlla\u00e7: <a rel=\"noreferrer noopener\" href=\"https:\/\/ec.europa.eu\/consumers\/odr\/\" target=\"_blank\">https:\/\/ec.europa.eu\/consumers\/odr\/<\/a><\/p>\n\n<p><em>DARRERA ACTUALITZACI\u00d3: 11 d\u2019octubre de 2022<\/em><\/p>\n\n<p><\/p>\n","protected":false},"excerpt":{"rendered":"<p class=\"excerpt\">Introducci\u00f3 En compliment de la Llei 34\/2002, d\u201911 de juliol, de Serveis de la Societat de la Informaci\u00f3 i de Comer\u00e7 Electr\u00f2nic (LSSI-CE), MURMURI SOLUCIONS SL informa que \u00e9s titular <\/p>\n","protected":false},"author":3,"featured_media":0,"parent":0,"menu_order":70,"comment_status":"closed","ping_status":"closed","template":"","meta":[],"_links":{"self":[{"href":"https:\/\/iterem.com\/ca\/wp-json\/wp\/v2\/pages\/748"}],"collection":[{"href":"https:\/\/iterem.com\/ca\/wp-json\/wp\/v2\/pages"}],"about":[{"href":"https:\/\/iterem.com\/ca\/wp-json\/wp\/v2\/types\/page"}],"author":[{"embeddable":true,"href":"https:\/\/iterem.com\/ca\/wp-json\/wp\/v2\/users\/3"}],"replies":[{"embeddable":true,"href":"https:\/\/iterem.com\/ca\/wp-json\/wp\/v2\/comments?post=748"}],"version-history":[{"count":6,"href":"https:\/\/iterem.com\/ca\/wp-json\/wp\/v2\/pages\/748\/revisions"}],"predecessor-version":[{"id":1994,"href":"https:\/\/iterem.com\/ca\/wp-json\/wp\/v2\/pages\/748\/revisions\/1994"}],"wp:attachment":[{"href":"https:\/\/iterem.com\/ca\/wp-json\/wp\/v2\/media?parent=748"}],"curies":[{"name":"wp","href":"https:\/\/api.w.org\/{rel}","templated":true}]}}