{"id":750,"date":"2019-11-19T10:44:36","date_gmt":"2019-11-19T09:44:36","guid":{"rendered":"https:\/\/iterem.com\/?page_id=750"},"modified":"2022-11-08T13:09:57","modified_gmt":"2022-11-08T12:09:57","slug":"politica-de-cookies","status":"publish","type":"page","link":"https:\/\/iterem.com\/ca\/politica-de-cookies\/","title":{"rendered":"Pol\u00edtica de cookies"},"content":{"rendered":"<p>De conformitat amb el que estableix l\u2019article 22.2 de la Llei 34\/2002, d\u201911 de juliol, de serveis de la societat de la informaci\u00f3 i de comer\u00e7 electr\u00f2nic (LSSI-CE) vigent, MURMURI SOLUCIONS SL ha de complir amb l\u2019obligaci\u00f3 d\u2019informar sobre les cookies que utilitza i les seves finalitats.<\/p>\n<p>Aquest lloc web utilitza cookies i\/o tecnologies similars que emmagatzemen i recuperen informaci\u00f3 quan navegueu. Les cookies permeten que una p\u00e0gina web, entre altres coses, emmagatzemi i recuperi informaci\u00f3 sobre els h\u00e0bits de navegaci\u00f3 d\u2019un usuari o del seu equip i, depenent de la informaci\u00f3 que aquest contingui i de la manera com s\u2019utilitzi l\u2019equip, es poden fer servir per recon\u00e8ixer l\u2019usuari.<\/p>\n<p>Les cookies s\u00f3n essencials per al funcionament d\u2019Internet, aporten innombrables avantatges en la prestaci\u00f3 de serveis interactius i faciliten a l\u2019usuari la navegaci\u00f3 i la usabilitat del nostre web.<\/p>\n<p>L\u2019usuari pot modificar la configuraci\u00f3 personalitzada <a class=\"wt-cli-manage-consent-link\">GESTIONAR COOKIES<\/a>.<\/p>\n<p>La informaci\u00f3 que us proporcionem a continuaci\u00f3 us ajudar\u00e0 a entendre els diferents tipus de cookies:<\/p>\n<table width=\"100%\">\n<thead>\n<tr>\n<th colspan=\"3\" align=\"center\">TIPUS DE COOKIES<\/th>\n<\/tr>\n<\/thead>\n<tbody>\n<tr>\n<td class=\"grey\" rowspan=\"2\" align=\"left\">SEGONS L&#8217;ENTITAT QUE LES GESTIONI<\/td>\n<td align=\"left\"><strong>Cookies pr\u00f2pies<\/strong><\/td>\n<td align=\"left\">S\u00f3n les que s\u2019envien a l\u2019equip terminal de l\u2019usuari des d\u2019un equip o domini gestionat pel mateix editor i des del qual es presta el servei sol\u00b7licitat per l\u2019usuari.<\/td>\n<\/tr>\n<tr>\n<td align=\"left\"><strong>Cookies de tercers<\/strong><\/td>\n<td align=\"left\">S\u00f3n les que s\u2019envien a l\u2019equip terminal de l\u2019usuari des d\u2019un equip o domini que no \u00e9s gestionat per l\u2019editor, sin\u00f3 per una altra entitat que tracta les dades obtingudes a trav\u00e9s de les cookies.<\/td>\n<\/tr>\n<tr>\n<td class=\"grey\" rowspan=\"2\" align=\"left\">SEGONS EL TERMINI DE TEMPS QUE ROMANEN ACTIVES<\/td>\n<td align=\"left\"><strong>Cookies de sessi\u00f3<\/strong><\/td>\n<td align=\"left\">S\u00f3n les que han estat dissenyades per recopilar i emmagatzemar dades mentre l\u2019usuari accedeix a una p\u00e0gina web. Se solen emprar per emmagatzemar informaci\u00f3 que nom\u00e9s interessa conservar per prestar el servei sol\u00b7licitat per l\u2019usuari en una sola ocasi\u00f3 (per exemple, una llista de productes adquirits), i desapareixen en acabar la sessi\u00f3.<\/td>\n<\/tr>\n<tr>\n<td align=\"left\"><strong>Cookies persistents<\/strong><\/td>\n<td align=\"left\">S\u00f3n aquelles en qu\u00e8 les dades continuen<br \/>emmagatzemades al terminal i que permeten que<br \/>s\u2019hi pugui accedir i es puguin tractar durant un<br \/>per\u00edode de temps definit pel responsable de les<br \/>cookies, i que pot anar d\u2019uns minuts a uns quants<br \/>anys.<\/td>\n<\/tr>\n<tr>\n<td class=\"grey\" rowspan=\"5\" align=\"left\">SEGONS LA FINALITAT<\/td>\n<td align=\"left\"><strong>Cookies t\u00e8cniques<\/strong><\/td>\n<td align=\"left\">S\u00f3n les que permeten a l\u2019usuari navegar a trav\u00e9s<br \/>d\u2019una p\u00e0gina web, plataforma o aplicaci\u00f3 i fer \u00fas<br \/>de les diferents opcions o serveis disponibles en<br \/>aquesta.<\/td>\n<\/tr>\n<tr>\n<td align=\"left\"><strong>Cookies de personalitzaci\u00f3<\/strong><\/td>\n<td align=\"left\">Permeten aplicar caracter\u00edstiques pr\u00f2pies per a la<br \/>navegaci\u00f3 de l\u2019usuari pel lloc web (p. ex., idioma).<\/td>\n<\/tr>\n<tr>\n<td align=\"left\"><strong>Cookies d&#8217;an\u00e0lisi<\/strong><\/td>\n<td align=\"left\">S\u00f3n les que permeten que el seu responsable faci<br \/>el seguiment i l\u2019an\u00e0lisi del comportament dels<br \/>usuaris dels llocs web als quals estan vinculades,<br \/>inclosa la quantificaci\u00f3 dels impactes dels anuncis.<br \/>La informaci\u00f3 recollida per mitj\u00e0 d\u2019aquest tipus de<br \/>cookies s\u2019utilitza en el mesurament de l\u2019activitat<br \/>del lloc web, aplicaci\u00f3 o plataforma per introduir<br \/>millores en funci\u00f3 de l\u2019an\u00e0lisi de les dades<br \/>relatives a l\u2019\u00fas que els usuaris fan del servei.<\/td>\n<\/tr>\n<tr>\n<td align=\"left\"><strong>Cookies publicit\u00e0ries<\/strong><\/td>\n<td align=\"left\">Permeten que l\u2019editor inclogui al web espais<br \/>publicitaris adaptats al contingut del mateix web.<\/td>\n<\/tr>\n<tr>\n<td align=\"left\"><strong>Cookies de publicitat comportamental<\/strong><\/td>\n<td align=\"left\">S\u00f3n les que emmagatzemen informaci\u00f3 sobre el<br \/>comportament dels usuaris obtinguda a trav\u00e9s de<br \/>l\u2019observaci\u00f3 continuada dels seus h\u00e0bits de<br \/>navegaci\u00f3, cosa que permet desenvolupar un<br \/>perfil espec\u00edfic per mostrar publicitat en funci\u00f3<br \/>d\u2019aquest.<\/td>\n<\/tr>\n<\/tbody>\n<\/table>\n<p>Addicionalment, MURMURI SOLUCIONS SL us informa de manera m\u00e9s detallada sobre les cookies que<br \/>utilitza, els seus titulars, l\u2019\u00fas o la finalitat concreta de cada cookie i els terminis de conservaci\u00f3, aix\u00ed com<br \/>sobre les transfer\u00e8ncies internacionals de dades de cadascuna de les cookies emprades al web:<\/p>\n<h3>Necess\u00e0ries per motius t\u00e8cnics<\/h3>\n<table class=\"cookielawinfo-row-cat-table cookielawinfo-classic\"><thead><tr><th class=\"cookielawinfo-column-1\">Galeta<\/th><th class=\"cookielawinfo-column-2\">Tipus<\/th><th class=\"cookielawinfo-column-3\">Durada<\/th><th class=\"cookielawinfo-column-4\">Descripci\u00f3<\/th><\/tr><\/thead><tbody><tr class=\"cookielawinfo-row\"><td class=\"cookielawinfo-column-1\">cookielawinfo-checkbox-advertisement<\/td><td class=\"cookielawinfo-column-2\">de tercers<\/td><td class=\"cookielawinfo-column-3\">1 any<\/td><td class=\"cookielawinfo-column-4\">Establida pel complement de consentiment de galetes GDPR, aquesta galeta s'utilitza per registrar el consentiment de l'usuari per a les galetes a la categoria \"Anunci\".<\/td><\/tr><tr class=\"cookielawinfo-row\"><td class=\"cookielawinfo-column-1\">cookielawinfo-checkbox-analytics<\/td><td class=\"cookielawinfo-column-2\">de tercers<\/td><td class=\"cookielawinfo-column-3\">11 meses<\/td><td class=\"cookielawinfo-column-4\">Aquesta galeta l'estableix el connector de consentiment de galetes de GDPR. La cookie s'utilitza per emmagatzemar el consentiment de l'usuari per a les cookies de la categoria \"Anal\u00edtica\".<\/td><\/tr><tr class=\"cookielawinfo-row\"><td class=\"cookielawinfo-column-1\">cookielawinfo-checkbox-functional<\/td><td class=\"cookielawinfo-column-2\">de terceros<\/td><td class=\"cookielawinfo-column-3\">11 mesos<\/td><td class=\"cookielawinfo-column-4\">La cookie s'estableix pel consentiment de la cookie del GDPR per registrar el consentiment de l'usuari per a les cookies a la categoria \"Funcionals\".<\/td><\/tr><tr class=\"cookielawinfo-row\"><td class=\"cookielawinfo-column-1\">cookielawinfo-checkbox-necessary<\/td><td class=\"cookielawinfo-column-2\">de tercers<\/td><td class=\"cookielawinfo-column-3\">11 mesos<\/td><td class=\"cookielawinfo-column-4\">Aquesta galeta l'estableix el connector de consentiment de galetes de GDPR. Les cookies s'utilitzen per emmagatzemar el consentiment de l'usuari per a les cookies de la categoria \"Necess\u00e0ries\".<\/td><\/tr><tr class=\"cookielawinfo-row\"><td class=\"cookielawinfo-column-1\">cookielawinfo-checkbox-others<\/td><td class=\"cookielawinfo-column-2\">de tercers<\/td><td class=\"cookielawinfo-column-3\">11 mesos<\/td><td class=\"cookielawinfo-column-4\">Aquesta galeta l'estableix el connector de consentiment de galetes de GDPR. La cookie s'utilitza per emmagatzemar el consentiment de l'usuari per a les cookies de la categoria \"Altres\".<\/td><\/tr><tr class=\"cookielawinfo-row\"><td class=\"cookielawinfo-column-1\">cookielawinfo-checkbox-performance<\/td><td class=\"cookielawinfo-column-2\">de tercers<\/td><td class=\"cookielawinfo-column-3\">11 mesos<\/td><td class=\"cookielawinfo-column-4\">Aquesta galeta l'estableix el connector de consentiment de galetes de GDPR. La cookie s'utilitza per emmagatzemar el consentiment de l'usuari per a les cookies de la categoria \"Rendiment\".<\/td><\/tr><tr class=\"cookielawinfo-row\"><td class=\"cookielawinfo-column-1\">CookieLawInfoConsent<\/td><td class=\"cookielawinfo-column-2\">de tercers<\/td><td class=\"cookielawinfo-column-3\">1 any<\/td><td class=\"cookielawinfo-column-4\">Enregistra l'estat del bot\u00f3 predeterminat de la categoria corresponent i l'estat de CCPA. Nom\u00e9s funciona en coordinaci\u00f3 amb la galeta principal.<\/td><\/tr><tr class=\"cookielawinfo-row\"><td class=\"cookielawinfo-column-1\">viewed_cookie_policy<\/td><td class=\"cookielawinfo-column-2\">de tercers<\/td><td class=\"cookielawinfo-column-3\">11 mesos<\/td><td class=\"cookielawinfo-column-4\">La galeta la configura el connector de consentiment de galetes GDPR i s'utilitza per emmagatzemar si l'usuari ha consentit o no l'\u00fas de galetes. No emmagatzema cap dada personal.<\/td><\/tr><tr class=\"cookielawinfo-row\"><td class=\"cookielawinfo-column-1\">_GRECAPTCHA<\/td><td class=\"cookielawinfo-column-2\">de tercers<\/td><td class=\"cookielawinfo-column-3\">5 mesos 27 dies<\/td><td class=\"cookielawinfo-column-4\">Aquesta galeta la configura el servei de recaptcha de Google per identificar robots per protegir el lloc web d'atacs maliciosos de correu brossa.<\/td><\/tr><\/tbody><\/table>\n<h3>Anal\u00edtiques<\/h3>\n<table class=\"cookielawinfo-row-cat-table cookielawinfo-classic\"><thead><tr><th class=\"cookielawinfo-column-1\">Galeta<\/th><th class=\"cookielawinfo-column-2\">Tipus<\/th><th class=\"cookielawinfo-column-3\">Durada<\/th><th class=\"cookielawinfo-column-4\">Descripci\u00f3<\/th><\/tr><\/thead><tbody><tr class=\"cookielawinfo-row\"><td class=\"cookielawinfo-column-1\">_ga<\/td><td class=\"cookielawinfo-column-2\">de tercers<\/td><td class=\"cookielawinfo-column-3\">2 anys<\/td><td class=\"cookielawinfo-column-4\">La galeta _ga, instal\u00b7lada per Google Analytics, calcula les dades de visitants, sessions i campanyes i tamb\u00e9 fa un seguiment de l'\u00fas del lloc per a l'informe d'an\u00e0lisi del lloc. La galeta emmagatzema informaci\u00f3 de forma an\u00f2nima i assigna un n\u00famero generat aleat\u00f2riament per recon\u00e8ixer els visitants \u00fanics.<\/td><\/tr><tr class=\"cookielawinfo-row\"><td class=\"cookielawinfo-column-1\">_gat_gtag_UA_106628456_1<\/td><td class=\"cookielawinfo-column-2\">de tercers<\/td><td class=\"cookielawinfo-column-3\">1 minut<\/td><td class=\"cookielawinfo-column-4\">Establit per Google per distingir els usuaris.<\/td><\/tr><tr class=\"cookielawinfo-row\"><td class=\"cookielawinfo-column-1\">_gid<\/td><td class=\"cookielawinfo-column-2\">de tercers<\/td><td class=\"cookielawinfo-column-3\">1 dia<\/td><td class=\"cookielawinfo-column-4\">Instal\u00b7lada per Google Analytics, la galeta _gid emmagatzema informaci\u00f3 sobre com els visitants usen un lloc web, alhora que crea un informe anal\u00edtic del rendiment del lloc web. Algunes de les dades que es recopilen inclouen el nombre de visitants, la font i les p\u00e0gines que visiten de forma an\u00f2nima.<\/td><\/tr><\/tbody><\/table>\n<p>Tingueu en compte que, si accepteu cookies de tercers, les haureu d\u2019eliminar des de les opcions del navegador o mitjan\u00e7ant el sistema ofert pel tercer de qu\u00e8 es tracti.<\/p>\n<p>A continuaci\u00f3 us proporcionem els enlla\u00e7os de diversos navegadors, a trav\u00e9s dels quals podreu modificar la configuraci\u00f3 del que tingueu al vostre terminal pel que fa a l\u2019\u00fas de cookies:<\/p>\n<ul>\n<li><a href=\"http:\/\/support.mozilla.org\/es\/kb\/habilitar-y-deshabilitar-cookies-que-los-sitios-we\">Firefox<\/a><\/li>\n<li><a href=\"http:\/\/support.google.com\/chrome\/bin\/answer.py?hl=es&amp;answer=95647\">Chrome<\/a><\/li>\n<li><a href=\"http:\/\/windows.microsoft.com\/es-es\/internet-explorer\/delete-manage-cookies#ie=ie-10\">Explorer<\/a><\/li>\n<li><a href=\"https:\/\/support.apple.com\/kb\/ph17191?locale=es_ES\">Safari<\/a><\/li>\n<li><a href=\"https:\/\/help.opera.com\/en\/latest\/web-preferences\/#cookies\">Opera<\/a><\/li>\n<\/ul>\n<p>Per obtenir m\u00e9s informaci\u00f3 sobre el tractament de les dades personals, us recomanem visitar l\u2019apartat &#8220;Pol\u00edtica de privacitat&#8221;.<\/p>\n<p><em>DARRERA ACTUALITZACI\u00d3: 11 d\u2019octubre de 2022<\/em><\/p>\n\n\n<p><\/p>\n","protected":false},"excerpt":{"rendered":"<p class=\"excerpt\">De conformitat amb el que estableix l\u2019article 22.2 de la Llei 34\/2002, d\u201911 de juliol, de serveis de la societat de la informaci\u00f3 i de comer\u00e7 electr\u00f2nic (LSSI-CE) vigent, MURMURI <\/p>\n","protected":false},"author":3,"featured_media":0,"parent":0,"menu_order":90,"comment_status":"closed","ping_status":"closed","template":"","meta":[],"_links":{"self":[{"href":"https:\/\/iterem.com\/ca\/wp-json\/wp\/v2\/pages\/750"}],"collection":[{"href":"https:\/\/iterem.com\/ca\/wp-json\/wp\/v2\/pages"}],"about":[{"href":"https:\/\/iterem.com\/ca\/wp-json\/wp\/v2\/types\/page"}],"author":[{"embeddable":true,"href":"https:\/\/iterem.com\/ca\/wp-json\/wp\/v2\/users\/3"}],"replies":[{"embeddable":true,"href":"https:\/\/iterem.com\/ca\/wp-json\/wp\/v2\/comments?post=750"}],"version-history":[{"count":2,"href":"https:\/\/iterem.com\/ca\/wp-json\/wp\/v2\/pages\/750\/revisions"}],"predecessor-version":[{"id":1614,"href":"https:\/\/iterem.com\/ca\/wp-json\/wp\/v2\/pages\/750\/revisions\/1614"}],"wp:attachment":[{"href":"https:\/\/iterem.com\/ca\/wp-json\/wp\/v2\/media?parent=750"}],"curies":[{"name":"wp","href":"https:\/\/api.w.org\/{rel}","templated":true}]}}